{"id":122,"date":"2018-07-26T20:14:25","date_gmt":"2018-07-26T20:14:25","guid":{"rendered":"https:\/\/www.aurigaservicios.cl\/wp\/?page_id=122"},"modified":"2026-05-07T12:42:34","modified_gmt":"2026-05-07T12:42:34","slug":"articulos","status":"publish","type":"page","link":"https:\/\/www.aurigaservicios.cl\/wp\/?page_id=122","title":{"rendered":"ART\u00cdCULOS"},"content":{"rendered":"<table style=\"height: 1958px; border-collapse: collapse; width: 101.94%;\" border=\"1\">\n<tbody>\n<tr style=\"height: 50%;\">\n<td style=\"width: 48.1449%; text-align: left; vertical-align: top;\">\n<h4 style=\"text-align: center;\"><span style=\"font-family: georgia, palatino, serif;\"><strong>PRESENTACIONES<\/strong><\/span><\/h4>\n<p><span style=\"font-family: georgia, palatino, serif;\"><strong><span style=\"font-size: 12pt;\">FACULTAD DE MEDICINA (UACh)<\/span><\/strong><\/span><\/p>\n<ol style=\"list-style-type: lower-alpha;\">\n<li><span style=\"font-size: 10pt; font-family: georgia, palatino, serif;\"><a title=\"a. C\u00d3MO COMUNICAR \u201cMALAS NOTICIAS\u201d A LOS PACIENTES\" href=\"https:\/\/www.aurigaservicios.cl\/wp\/pdf\/FACULTADDEMEDICINAUACH.pdf\" target=\"_blank\" rel=\"noopener noreferrer\">C\u00d3MO COMUNICAR \u201cMALAS NOTICIAS\u201d A LOS PACIENTES<\/a><\/span><\/li>\n<li><span style=\"font-size: 10pt; font-family: georgia, palatino, serif;\"><a href=\"https:\/\/www.aurigaservicios.cl\/wp\/pdf\/NEUROCIENCIA Y HABILIDADES ALUMNOS.pdf\" target=\"_blank\" rel=\"noopener noreferrer\">NEUROCIENCIA Y HABILIDADES ALUMNOS<\/a><\/span><\/li>\n<\/ol>\n<p><span style=\"font-family: georgia, palatino, serif;\"><strong><span style=\"font-size: 12pt;\">MBA HABILIDADES DIRECTIVAS 2026<\/span><\/strong><\/span><\/p>\n<ol style=\"list-style-type: lower-alpha;\">\n<li><a href=\"https:\/\/www.aurigaservicios.cl\/wp\/wp-content\/uploads\/2026\/01\/MBA-2026-ALUMNOS-HAB.-DIRECTIVAS-I.pdf\" target=\"_blank\" rel=\"noopener\">MBA 2026 ALUMNOS HAB. DIRECTIVAS I<\/a><\/li>\n<li><a href=\"https:\/\/www.aurigaservicios.cl\/wp\/wp-content\/uploads\/2026\/01\/MBA-2026-ALUMNOS-OWNERSHIP-II.pdf\" target=\"_blank\" rel=\"noopener\">MBA 2026 ALUMNOS OWNERSHIP II<\/a><\/li>\n<li><a href=\"https:\/\/www.aurigaservicios.cl\/wp\/wp-content\/uploads\/2026\/01\/MBA-2026-ALUMNOS-CONTEXTO-III.pdf\" target=\"_blank\" rel=\"noopener\">MBA 2026 ALUMNOS CONTEXTO III<\/a><\/li>\n<li><a href=\"https:\/\/www.aurigaservicios.cl\/wp\/wp-content\/uploads\/2026\/01\/MBA-2026-ALUMNOS-AUTOGESTION-IV.pdf\" target=\"_blank\" rel=\"noopener\">MBA 2026 ALUMNOS AUTOGESTI\u00d3N IV<\/a><\/li>\n<li><a href=\"https:\/\/www.aurigaservicios.cl\/wp\/wp-content\/uploads\/2026\/01\/MBA-2026-ALUMNOS-EVAL.-DESEMPENO-V.pdf\" target=\"_blank\" rel=\"noopener\">MBA 2026 ALUMNOS EVAL. DESEMPE\u00d1O V<\/a><\/li>\n<li><a href=\"https:\/\/www.aurigaservicios.cl\/wp\/wp-content\/uploads\/2026\/01\/MBA-2026-ALUMNOS-MOTIVACION-VI.pdf\" target=\"_blank\" rel=\"noopener\">MBA 2026 ALUMNOS MOTIVACI\u00d3N VI<\/a><\/li>\n<\/ol>\n<p><span style=\"font-family: georgia, palatino, serif;\"><strong><span style=\"font-size: 12pt;\">MBA POL\u00cdTICAS Y ESTRATEGIA DEL CAPITAL HUMANO<\/span><\/strong><\/span><\/p>\n<ol style=\"list-style-type: lower-alpha;\">\n<li><a href=\"https:\/\/www.aurigaservicios.cl\/wp\/wp-content\/uploads\/2026\/04\/MBA-ALUMNOS-POLITICAS-Y-ESTRATEGIA-RR.HH_.-I.pdf\" target=\"_blank\" rel=\"noopener\">MBA ALUMNOS POL\u00cdTICAS Y ESTRATEGIA RR.HH. I<\/a><\/li>\n<li><a href=\"https:\/\/www.aurigaservicios.cl\/wp\/wp-content\/uploads\/2026\/04\/MBA-ALUMNOS-CAPITAL-HUMANO-RR.HH_.-II.pdf\" target=\"_blank\" rel=\"noopener\">MBA ALUMNOS CAPITAL HUMANO RR.HH. II<\/a><\/li>\n<li><a href=\"https:\/\/www.aurigaservicios.cl\/wp\/wp-content\/uploads\/2026\/04\/MBA-ALUMNOS-MOD.-DE-GESTION-POR-COMPETENCIAS-RR.HH_.-III.pdf\" target=\"_blank\" rel=\"noopener\">MBA ALUMNOS MOD. DE GESTI\u00d3N POR COMPETENCIAS RR.HH. III<\/a><\/li>\n<li><a href=\"https:\/\/www.aurigaservicios.cl\/wp\/wp-content\/uploads\/2026\/04\/MBA-ALUMNOS-CLIMA-ORGANIZACIONAL-RR.HH_.-IV.pdf\" target=\"_blank\" rel=\"noopener\">MBA ALUMNOS CLIMA ORGANIZACIONAL RR.HH. IV<\/a><\/li>\n<li><a href=\"https:\/\/www.aurigaservicios.cl\/wp\/wp-content\/uploads\/2026\/04\/MBA-ALUMNOS-PERCEPCION-MOTIVACION-RR.HH_.-V.pdf\">MBA ALUMNOS PERCEPCI\u00d3N MOTIVACI\u00d3N RR.HH. V<\/a><\/li>\n<\/ol>\n<p><span style=\"font-family: georgia, palatino, serif;\"><strong><span style=\"font-size: 12pt;\">UNIVERSIDAD SERGIO ARBOLEDA DE COLOMBIA<\/span><\/strong><\/span><\/p>\n<ol style=\"list-style-type: lower-alpha;\">\n<li><span style=\"font-family: georgia, palatino, serif;\"><a href=\"https:\/\/www.aurigaservicios.cl\/wp\/wp-content\/uploads\/2023\/11\/UNIVERSIDAD-SERGIO-ARBOLEDA-DE-COLOMBIA.pdf\" target=\"_blank\" rel=\"noopener\">MORIR DE ESTR\u00c9S&#8230; \u00bfFICCI\u00d3N O REALIDAD?<\/a><\/span><\/li>\n<\/ol>\n<p><span style=\"font-family: georgia, palatino, serif;\"><strong><span style=\"font-size: 12pt;\">EMPRESA ABS CHILE<\/span><\/strong><\/span><\/p>\n<ol style=\"list-style-type: lower-alpha;\">\n<li><span style=\"font-family: georgia, palatino, serif;\"><a title=\"\u00bfC\u00d3MO IMPACTA EL ESTR\u00c9S EN LA SALUD DE LAS PERSONAS?\" href=\"https:\/\/www.aurigaservicios.cl\/wp\/pdf\/ABS ESTRES AGOSTO DE 2020.pdf\" target=\"_blank\" rel=\"noopener noreferrer\">\u00bfC\u00d3MO IMPACTA EL ESTR\u00c9S EN LA SALUD DE LAS PERSONAS?<\/a><\/span><\/li>\n<\/ol>\n<p><span style=\"font-family: georgia, palatino, serif;\"><strong><span style=\"font-size: 12pt;\">PROGRAMA DE FORMACI\u00d3N DE L\u00cdDERES SINDICALES<\/span><\/strong><\/span><\/p>\n<ol style=\"list-style-type: lower-alpha;\">\n<li><span style=\"font-size: 10pt; font-family: georgia, palatino, serif;\"><a href=\"https:\/\/www.aurigaservicios.cl\/wp\/pdf\/PROG. SIND. COM. APRENDIZAJE ALUMNO.pdf\" target=\"_blank\" rel=\"noopener noreferrer\">PROG. SIND. COM. APRENDIZAJE ALUMNO<\/a><\/span><\/li>\n<li><span style=\"font-size: 10pt; font-family: georgia, palatino, serif;\"><a href=\"https:\/\/www.aurigaservicios.cl\/wp\/pdf\/PROG. SIND. GRUPOS Y EQUIPOS ALUMNOS.pdf\" target=\"_blank\" rel=\"noopener noreferrer\">PROG. SIND. GRUPOS Y EQUIPOS ALUMNOS<\/a><\/span><\/li>\n<li><span style=\"font-size: 10pt; font-family: georgia, palatino, serif;\"><a href=\"https:\/\/www.aurigaservicios.cl\/wp\/pdf\/PROG. SIND. TALLER I.E. ALUMNOS.pdf\" target=\"_blank\" rel=\"noopener noreferrer\">PROG. SIND. TALLER I.E. ALUMNOS<\/a><\/span><\/li>\n<li><span style=\"font-size: 10pt; font-family: georgia, palatino, serif;\"><a href=\"https:\/\/www.aurigaservicios.cl\/wp\/pdf\/PROGRAMA SIND. NEGOCIACION UACH.pdf\" target=\"_blank\" rel=\"noopener noreferrer\">PROGRAMA SIND. NEGOCIACI\u00d3N UACH<\/a><\/span><\/li>\n<\/ol>\n<p><span style=\"font-family: georgia, palatino, serif;\"><strong><span style=\"font-size: 12pt;\">PROGRAMA INSTITUTO PROFESIONAL LOS LAGOS<\/span><\/strong><\/span><\/p>\n<ol style=\"list-style-type: lower-alpha;\">\n<li><span style=\"font-size: 10pt; font-family: georgia, palatino, serif;\"><a href=\"https:\/\/www.aurigaservicios.cl\/wp\/pdf\/INST PROF U LAGOS ALUMNOS I.pdf\" target=\"_blank\" rel=\"noopener noreferrer\">INST. PROF. U LAGOS ALUMNOS I<\/a><\/span><\/li>\n<li><span style=\"font-size: 10pt; font-family: georgia, palatino, serif;\"><a href=\"https:\/\/www.aurigaservicios.cl\/wp\/pdf\/INST PROF U LAGOS ALUMNOS II.pdf\" target=\"_blank\" rel=\"noopener noreferrer\">INST. PROF. U LAGOS ALUMNOS II<\/a><\/span><\/li>\n<\/ol>\n<div>\n<p><span style=\"font-family: georgia, palatino, serif;\"><strong><span style=\"font-size: 12pt;\">SOCIEDAD MEXICANA DE GRAFOLOG\u00cdA CIENT\u00cdFICA<\/span><\/strong><\/span><\/p>\n<\/div>\n<ol style=\"list-style-type: lower-alpha;\">\n<li><span style=\"font-size: 10pt; font-family: georgia, palatino, serif;\"><a title=\"ESTR\u00c9S: EL AZOTE DEL SIGLO XXI EN TIEMPOS DE PANDEMIA\" href=\"https:\/\/www.aurigaservicios.cl\/wp\/pdf\/SOMEGRAF ESTRES PARTICIPANTES JULIO 2020.pdf\" target=\"_blank\" rel=\"noopener noreferrer\">ESTR\u00c9S: EL AZOTE DEL SIGLO XXI EN TIEMPOS DE PANDEMIA<\/a><\/span><\/li>\n<li><span style=\"font-size: 10pt; font-family: georgia, palatino, serif;\"><a title=\"ESTR\u00c9S: EL AZOTE DEL SIGLO XXI EN TIEMPOS DE PANDEMIA\" href=\"https:\/\/www.aurigaservicios.cl\/wp\/pdf\/SOMEGRAF ENERO 2022.pdf\" target=\"_blank\" rel=\"noopener noreferrer\">ANSIEDAD, DEPRESI\u00d3N Y SUICIDIO: UNA TR\u00cdADA PELIGROSA Y LETAL.<\/a><\/span><\/li>\n<li><span style=\"font-family: georgia, palatino, serif; font-size: 10pt;\"><a href=\"https:\/\/www.aurigaservicios.cl\/wp\/wp-content\/uploads\/2022\/07\/SOMEGRAF PSICOPATAS 2022.pdf\" target=\"_blank\" rel=\"noopener\">PSICOSIS Y PERSONALIDADES PSICOP\u00c1TICAS: \u00bfLOCOS, MALOS O DIAB\u00d3LICOS?<\/a><\/span><\/li>\n<li><span style=\"font-family: georgia, palatino, serif; font-size: 10pt;\"><a href=\"https:\/\/www.aurigaservicios.cl\/wp\/wp-content\/uploads\/2023\/11\/SOMEGRAF-LIDERAZGO-DIC.-2023.pdf\">SOMEGRAF LIDERAZGO DIC. 2023<\/a><\/span><\/li>\n<li><a href=\"https:\/\/www.aurigaservicios.cl\/wp\/wp-content\/uploads\/2025\/03\/SOMEGRAF-LA-GUERRA-POR-EL-TALENTO-2025.pdf\" target=\"_blank\" rel=\"noopener\">SOMEGRAF LA GUERRA POR EL TALENTO 2025<\/a><\/li>\n<\/ol>\n<div>\n<p><span style=\"font-family: georgia, palatino, serif;\"><strong><span style=\"font-size: 12pt;\">INSTITUTO PROFESIONAL AIEP<\/span><\/strong><\/span><\/p>\n<\/div>\n<ol style=\"list-style-type: lower-alpha;\">\n<li><span style=\"font-size: 10pt; font-family: georgia, palatino, serif;\"><a title=\"EDUCACI\u00d3N EN TIEMPOS DE PANDEMIA\" href=\"https:\/\/www.aurigaservicios.cl\/wp\/pdf\/EDUCACION EN TIEMPOS DE PANDEMIA AIEP.pdf\" target=\"_blank\" rel=\"noopener noreferrer\">EDUCACI\u00d3N EN TIEMPOS DE PANDEMIA<\/a><\/span><\/li>\n<\/ol>\n<p><span style=\"font-family: georgia, palatino, serif;\"><strong><span style=\"font-size: 12pt;\">LICEO AGR\u00cdCOLA TECNOL\u00d3GICO WERNER GROB<\/span><\/strong><\/span><\/p>\n<ol style=\"list-style-type: lower-alpha;\">\n<li><a href=\"https:\/\/www.aurigaservicios.cl\/wp\/wp-content\/uploads\/2025\/03\/EL-ARTE-DE-COMUNICAR-Y-MOTIVAR-2025.pdf\" target=\"_blank\" rel=\"noopener\">EL ARTE DE COMUNICAR Y MOTIVAR 2025<\/a><\/li>\n<\/ol>\n<div><\/div>\n<table style=\"height: 372px; border-collapse: collapse; background-color: #fff194;\" border=\"1\">\n<tbody>\n<tr style=\"height: 327px;\">\n<td style=\"width: 100%; height: 327px;\"><span style=\"font-size: 12pt; font-family: georgia, palatino, serif;\"><strong>ART\u00cdCULOS MATERIAL DE CLASES<br \/>\n<span style=\"font-size: 10pt;\">(otros autores)<\/span><\/strong><\/span><\/p>\n<ol style=\"list-style-type: lower-alpha;\">\n<li><span style=\"font-size: 12pt; font-family: georgia, palatino, serif;\"><span style=\"font-size: 10pt;\"><a href=\"https:\/\/www.aurigaservicios.cl\/wp\/pdf\/ARTICULO DIEZ CARAS DE LA INNOVACION.pdf\" target=\"_blank\" rel=\"noopener noreferrer\">ART\u00cdCULO DIEZ CARAS DE LA INNOVACI\u00d3N<\/a><\/span><\/span><\/li>\n<li><span style=\"font-size: 12pt; font-family: georgia, palatino, serif;\"><span style=\"font-size: 10pt;\"><a href=\"https:\/\/www.aurigaservicios.cl\/wp\/pdf\/ARTICULO MBA DESCANSO PARA LA MENTE.pdf\" target=\"_blank\" rel=\"noopener noreferrer\">UN DESCANSO PARA LA MENTE<\/a><\/span><\/span><\/li>\n<li><span style=\"font-size: 12pt; font-family: georgia, palatino, serif;\"><span style=\"font-size: 10pt;\"><a href=\"https:\/\/www.aurigaservicios.cl\/wp\/pdf\/ARTICULO MBA ASESINOS SILENCIOSOS.pdf\" target=\"_blank\" rel=\"noopener noreferrer\">ASESINOS SILENCIOSOS<\/a><\/span><\/span><\/li>\n<li><span style=\"font-family: georgia, palatino, serif;\"><a href=\"https:\/\/www.aurigaservicios.cl\/wp\/pdf\/ARTICULO MBA CUATRO FORMULAS.pdf\" target=\"_blank\" rel=\"noopener noreferrer\">CUATRO F\u00d3RMULAS PARA HACER QUE LA GENTE NOS SIGA<\/a><\/span><\/li>\n<li><span style=\"font-family: georgia, palatino, serif;\"><a href=\"https:\/\/www.aurigaservicios.cl\/wp\/pdf\/ARTICULO MBA VIOLENCIA ESCOLAR.pdf\" target=\"_blank\" rel=\"noopener noreferrer\">VIOLENCIA ESCOLAR<\/a><\/span><\/li>\n<li><span style=\"font-family: georgia, palatino, serif;\"><a href=\"https:\/\/www.aurigaservicios.cl\/wp\/pdf\/ARTICULO MBA SEMILLERO DE LIDERES.pdf\" target=\"_blank\" rel=\"noopener noreferrer\">SEMILLERO DE L\u00cdDERES<\/a><\/span><\/li>\n<li><span style=\"font-family: georgia, palatino, serif;\"><a href=\"https:\/\/www.aurigaservicios.cl\/wp\/pdf\/ARTICULO MBA SILENT KILLERS.pdf\" target=\"_blank\" rel=\"noopener noreferrer\">SILENT KILLERS<\/a><\/span><\/li>\n<\/ol>\n<\/td>\n<\/tr>\n<\/tbody>\n<\/table>\n<\/td>\n<td style=\"width: 51.8551%; text-align: left; vertical-align: top;\">\n<h4 style=\"text-align: center;\"><span style=\"font-family: georgia, palatino, serif;\"><strong>ART\u00cdCULOS CIENT\u00cdFICOS<\/strong><\/span><\/h4>\n<ol style=\"list-style-type: lower-alpha;\">\n<li><span style=\"font-family: georgia, palatino, serif;\"><a href=\"https:\/\/www.aurigaservicios.cl\/wp\/pdf\/DIRECTIVO INTEGRAL.pdf\" target=\"_blank\" rel=\"noopener noreferrer\">\u00a0EL DIRECTIVO INTEGRAL Y LA FORMACI\u00d3N COMO FACTOR ESTRAT\u00c9GICO<\/a><\/span><\/li>\n<li><span style=\"font-family: georgia, palatino, serif;\"><a href=\"https:\/\/www.aurigaservicios.cl\/wp\/pdf\/TERREMOTO SOCIAL.pdf\" target=\"_blank\" rel=\"noopener noreferrer\">TERREMOTO SOCIAL EN CHILE: \u00bfDISCURSO O REALIDAD?<\/a><\/span><\/li>\n<li><span style=\"font-family: georgia, palatino, serif;\"><a href=\"https:\/\/www.aurigaservicios.cl\/wp\/pdf\/VISION ETICA PUBLICIDAD.pdf\" target=\"_blank\" rel=\"noopener noreferrer\">\u00a0SEDUCCI\u00d3N Y PERSUASI\u00d3N: UNA VISI\u00d3N \u00c9TICA DE LA PUBLICIDAD.<\/a><\/span><\/li>\n<li><span style=\"font-family: georgia, palatino, serif;\"><a href=\"https:\/\/www.aurigaservicios.cl\/wp\/pdf\/ARTICULO CALIDAD POLITICA 201O.pdf\" target=\"_blank\" rel=\"noopener noreferrer\">UN AN\u00c1LISIS CR\u00cdTICO DEL DISCURSO POL\u00cdTICO CHILENO<\/a><\/span><\/li>\n<li><span style=\"font-family: georgia, palatino, serif;\"><a href=\"https:\/\/www.aurigaservicios.cl\/wp\/pdf\/ARTICULO DPM 15 FEB 2012 pdf.pdf\" target=\"_blank\" rel=\"noopener noreferrer\">EL DISCURSO P\u00daBLICO MAPUCHE<\/a><\/span><\/li>\n<li><span style=\"font-family: georgia, palatino, serif;\"><a href=\"https:\/\/www.aurigaservicios.cl\/wp\/pdf\/CORRUPCION.pdf\" target=\"_blank\" rel=\"noopener noreferrer\">CORRUPCI\u00d3N Y COMPORTAMIENTO \u00c9TICO: \u00bfUN DESAF\u00cdO IMPOSIBLE?<\/a><\/span><\/li>\n<li><span style=\"font-family: georgia, palatino, serif;\"><a href=\"https:\/\/www.aurigaservicios.cl\/wp\/pdf\/DISCAPACIDAD 2011.pdf\" target=\"_blank\" rel=\"noopener noreferrer\">DISCAPACIDAD Y BARRERAS ARQUITECT\u00d3NICAS: UN DESAF\u00cdO PARA LA INCLUSI\u00d3N<\/a><\/span><\/li>\n<li><span style=\"font-family: georgia, palatino, serif;\"><a href=\"https:\/\/www.aurigaservicios.cl\/wp\/pdf\/ESTRES EL COSTO UAI.pdf\" target=\"_blank\" rel=\"noopener noreferrer\">ESTR\u00c9S: EL COSTO ECON\u00d3MICO Y EMOCIONAL DE TRABAJAR CON UN JEFE T\u00d3XICO (UNIVERSIDAD ADOLFO IB\u00c1\u00d1EZ)<\/a><\/span><\/li>\n<li><span style=\"font-family: georgia, palatino, serif;\"><a href=\"https:\/\/www.aurigaservicios.cl\/wp\/pdf\/ESTRES TREND.pdf\" target=\"_blank\" rel=\"noopener noreferrer\">ESTR\u00c9S: EL AZOTE DEL SIGLO XXI (REVISTA TREND MANAGEMENT)<\/a><\/span><\/li>\n<li><span style=\"font-family: georgia, palatino, serif;\"><a href=\"https:\/\/www.aurigaservicios.cl\/wp\/pdf\/FINANZAS CONDUCTUALES.pdf\" target=\"_blank\" rel=\"noopener noreferrer\">FINANZAS CONDUCTUALES, O LA VARIABLE EMOCIONAL DE LOS MERCADOS<\/a><\/span><\/li>\n<li><span style=\"font-family: georgia, palatino, serif;\"><a href=\"https:\/\/www.aurigaservicios.cl\/wp\/pdf\/REQUIEM.pdf\" target=\"_blank\" rel=\"noopener noreferrer\">\u00bfR\u00c9QUIEM PARA LAS CIENCIAS DEL COMPORTAMIENTO ORGANIZACIONAL EN LAS EMPRESAS?<\/a><\/span><\/li>\n<li><span style=\"font-family: georgia, palatino, serif;\"><a href=\"https:\/\/www.aurigaservicios.cl\/wp\/pdf\/UNA MIRADA ETICA.pdf\" target=\"_blank\" rel=\"noopener noreferrer\">UNA MIRADA Y REFLEXI\u00d3N \u00c9TICA EN LA EMPRESA<\/a><\/span><\/li>\n<li><span style=\"font-family: georgia, palatino, serif;\"><a href=\"https:\/\/www.aurigaservicios.cl\/wp\/pdf\/ARQUITECTURA Y PSICOLOGIA.pdf\" target=\"_blank\" rel=\"noopener noreferrer\">ARQUITECTURA, PSICOLOG\u00cdA, ESPACIO E INDIVIDUO<\/a><\/span><\/li>\n<li><span style=\"font-family: georgia, palatino, serif;\"><a href=\"https:\/\/www.aurigaservicios.cl\/wp\/pdf\/NEUROECONOMIA MAYO 2012.pdf\" target=\"_blank\" rel=\"noopener noreferrer\">NEUROECONOM\u00cdA: LA RUTA CEREBRAL HACIA UN CAMBIO DE PARADIGMA ECON\u00d3MICO<\/a><\/span><\/li>\n<li><span style=\"font-family: georgia, palatino, serif;\"><a href=\"https:\/\/www.aurigaservicios.cl\/wp\/pdf\/SINDICATOS Y LIDERAZGO.pdf\" target=\"_blank\" rel=\"noopener noreferrer\">FORTALECIMIENTO DEL LIDERAZGO SINDICAL<\/a><\/span><\/li>\n<li><span style=\"font-family: georgia, palatino, serif;\"><a href=\"https:\/\/www.aurigaservicios.cl\/wp\/pdf\/SOCIEDAD DEL CONOCIMIENTO.pdf\" target=\"_blank\" rel=\"noopener noreferrer\">SOCIEDAD INDUSTRIAL, SOCIEDAD TECNOL\u00d3GICA, SOCIEDAD DEL CONOCIMIENTO<\/a><\/span><\/li>\n<li><span style=\"font-family: georgia, palatino, serif;\"><a href=\"https:\/\/www.aurigaservicios.cl\/wp\/pdf\/ARTICULO INTERNATIONAL JOURNAL OF MANAGEMENT.pdf\" target=\"_blank\" rel=\"noopener noreferrer\">LA EVALUACI\u00d3N DEL DESEMPE\u00d1O: UN INSTRUMENTO EFECTIVO DE GESTI\u00d3N<\/a><\/span><\/li>\n<li><span style=\"font-family: georgia, palatino, serif;\"><a href=\"https:\/\/www.aurigaservicios.cl\/wp\/pdf\/ARTICULO PDF WOBI SEP2013.pdf\" target=\"_blank\" rel=\"noopener noreferrer\">UNA VEZ M\u00c1S&#8230; \u00bfC\u00d3MO CAMBIAR LA ACTITUD DE LAS PERSONAS EN LAS ORGANIZACIONES?<\/a><\/span><\/li>\n<li><span style=\"font-family: georgia, palatino, serif;\"><a href=\"https:\/\/www.aurigaservicios.cl\/wp\/pdf\/ARTICULO REV RAN 11 NOV 2015.pdf\" target=\"_blank\" rel=\"noopener noreferrer\">TEST PSICOL\u00d3GICOS Y ENTREVISTAS: USOS Y APLICACIONES CLAVES<\/a><\/span><\/li>\n<li><span style=\"font-family: georgia, palatino, serif;\"><a href=\"https:\/\/www.aurigaservicios.cl\/wp\/pdf\/ARTICULO SABANDIJAS Y CHUPASANGRES NOV 2013.pdf\" target=\"_blank\" rel=\"noopener noreferrer\">LOS POL\u00cdTICOS CHILENOS: \u00bfUNA HISTORIA DE SABANDIJAS Y CHUPASANGRES?\u00a0<\/a><\/span><\/li>\n<li><span style=\"font-family: georgia, palatino, serif;\"><a href=\"https:\/\/www.aurigaservicios.cl\/wp\/pdf\/WOBI ARTICULO FLC HSB 2014.pdf\" target=\"_blank\" rel=\"noopener noreferrer\">EL PROCESO DE INTEGRACI\u00d3N DE LAS PERSONAS EN LAS ORGANIZACIONES<\/a><\/span><\/li>\n<li><span style=\"font-family: georgia, palatino, serif;\"><a href=\"https:\/\/www.aurigaservicios.cl\/wp\/pdf\/CANCER COLORRECTAL 2014.pdf\" target=\"_blank\" rel=\"noopener noreferrer\">C\u00c1NCER COLORRECTAL: PRINCIPALES FACTORES DE RIESGO<\/a><\/span><\/li>\n<li><span style=\"font-family: georgia, palatino, serif;\"><a href=\"https:\/\/www.aurigaservicios.cl\/wp\/pdf\/RAN ARTICULO FLC HUMOR MARZO 2015.pdf\" target=\"_blank\" rel=\"noopener noreferrer\">GESTIONANDO CON HUMOR: UN PASO M\u00c1S HACIA UN LIDERAZGO DE EXCELENCIA<\/a><\/span><\/li>\n<li><span style=\"font-family: georgia, palatino, serif;\"><a href=\"https:\/\/www.aurigaservicios.cl\/wp\/pdf\/ARTICULO PSI POSITIVA 22 ABRIL 2015.pdf\" target=\"_blank\" rel=\"noopener noreferrer\">LA PSICOLOG\u00cdA POSITIVA: LA B\u00daSQUEDA DE LA FELICIDAD<\/a><\/span><\/li>\n<li><span style=\"font-family: georgia, palatino, serif;\"><a href=\"https:\/\/www.aurigaservicios.cl\/wp\/pdf\/ARTICULO RAN OGRO SAPIENS 30 JUNIO.pdf\" target=\"_blank\" rel=\"noopener noreferrer\">\u00bfHOMO SAPIENS U OGRO SAPIENS? LOS JEFES DUROS DE ROER<\/a><\/span><\/li>\n<li><span style=\"font-family: georgia, palatino, serif;\"><a title=\"Liderar... nadando en contra de la corriente\" href=\"https:\/\/www.aurigaservicios.cl\/wp\/pdf\/ARTICULO FLC LEADERSHIP.pdf\" target=\"_blank\" rel=\"noopener noreferrer\">LIDERAR&#8230; NADANDO EN CONTRA DE LA CORRIENTE<\/a><\/span><\/li>\n<li><span style=\"font-family: georgia, palatino, serif;\"><a title=\"Liderar... nadando en contra de la corriente\" href=\"https:\/\/www.aurigaservicios.cl\/wp\/pdf\/DISSERTARE ARTICULO FLC 6 DE OCTUBRE 2021.pdf\" target=\"_blank\" rel=\"noopener noreferrer\">EDUCACI\u00d3N Y FORMACI\u00d3N DEL CAPITAL HUMANO: FACTORES CLAVES DEL LIDERAZGO \u00c9TICO EN LAS ORGANIZACIONES<\/a><\/span><\/li>\n<li><span style=\"font-family: georgia, palatino, serif;\"><a href=\"https:\/\/www.aurigaservicios.cl\/wp\/wp-content\/uploads\/2022\/01\/REVISTA-RAN-ARTICULO-FLC-ENERO-2022.pdf\" target=\"_blank\" rel=\"noopener\">LIDERAZGO E INTELIGENCIA EMOCIONAL: LAS EMOCIONES COMO PARTE RELEVANTE DEL NEGOCIO<\/a><\/span><\/li>\n<li><span style=\"font-family: georgia, palatino, serif;\"><a href=\"https:\/\/www.aurigaservicios.cl\/wp\/wp-content\/uploads\/2022\/06\/ARTICULO-FLC-PROFESORES-QUE-HACEN-LA-DIFERENCIA.pdf\" target=\"_blank\" rel=\"noopener\">LOS PROFESORES QUE HACEN \u2013Y QUE MARCAN\u2013 LA DIFERENCIA<\/a><\/span><\/li>\n<li><span style=\"font-family: georgia, palatino, serif;\"><a href=\"https:\/\/www.aurigaservicios.cl\/wp\/wp-content\/uploads\/2022\/06\/ARTICULO-FLC-TRABAJO-EN-EQUIPO-JUNIO-2022.pdf\" target=\"_blank\" rel=\"noopener\">LA FORMACI\u00d3N DE EQUIPOS DE TRABAJO: UN PASO ESTRAT\u00c9GICO PARA VOLAR M\u00c1S ALTO Y M\u00c1S LEJOS<\/a><\/span><\/li>\n<li><span style=\"font-family: georgia, palatino, serif;\"><a href=\"https:\/\/www.aurigaservicios.cl\/wp\/wp-content\/uploads\/2023\/05\/ARTICULO-FLC-PSICOLOGIA-DEL-HABITAR-MAYO-2023.pdf\" target=\"_blank\" rel=\"noopener\">&#8220;LA PSICOLOG\u00cdA DEL HABITAR: LAS EMOCIONES COMO PARTE INTEGRAL DE UN PROYECTO ARQUITECT\u00d3NICO&#8221;<\/a><\/span><\/li>\n<li><span style=\"font-family: georgia, palatino, serif;\"><a href=\"https:\/\/www.aurigaservicios.cl\/wp\/wp-content\/uploads\/2023\/07\/RAN-FLC-LAS-EMPRESAS-Y-EL-ESTRES-2023.pdf\" target=\"_blank\" rel=\"noopener\">LAS EMPRESAS Y LA ADECUADA GESTI\u00d3N, MANEJO Y CONTROL DEL ESTR\u00c9S<\/a><\/span><\/li>\n<li><span style=\"font-family: georgia, palatino, serif;\"><a href=\"https:\/\/www.aurigaservicios.cl\/wp\/wp-content\/uploads\/2024\/09\/ARTICULO-FLC-GUERRA-POR-EL-TALENTO-DIC.-2023.pdf\" target=\"_blank\" rel=\"noopener\">LA GUERRA POR EL TALENTO: EL GRAN DESAF\u00cdO EMPRESARIAL<\/a><\/span><\/li>\n<li><a href=\"https:\/\/www.aurigaservicios.cl\/wp\/wp-content\/uploads\/2025\/06\/ARTICULO-FLC-COACHING-25-DE-JUNIO-DE-2025.pdf\" target=\"_blank\" rel=\"noopener\">COACHING: UNA PODEROSA HERRAMIENTA DE APRENDIZAJE, DESEMPE\u00d1O Y CRECIMIENTO<\/a><\/li>\n<li><a href=\"https:\/\/www.aurigaservicios.cl\/wp\/wp-content\/uploads\/2025\/12\/PDF-ARTICULO-PROCESS-OF-INTEGRATING-NEW-EMPLOYEES-1.pdf\" target=\"_blank\" rel=\"noopener\">PROCESS OF INTEGRATING NEW EMPLOYEES INTO ORGANIZATIONS: ITS SIGNIFICANCE AND IMPORTANCE<\/a><\/li>\n<\/ol>\n<h4><span style=\"font-family: georgia, palatino, serif;\"><strong>ART\u00cdCULOS DE DIVULGACI\u00d3N<\/strong><\/span><\/h4>\n<p><span style=\"font-family: georgia, palatino, serif;\"><strong><br \/>\n<\/strong><strong>ART\u00cdCULOS DIARIOS ELECTR\u00d3NICOS<\/strong><\/span><\/p>\n<ol style=\"list-style-type: lower-alpha;\">\n<li><a href=\"https:\/\/www.aurigaservicios.cl\/wp\/wp-content\/uploads\/2026\/05\/LISTADO-DE-COLUMNAS-Y-ARTICULOS.pdf\" target=\"_blank\" rel=\"noopener\">LISTADO DE COLUMNAS Y ARTICULOS<\/a><\/li>\n<\/ol>\n<p><span style=\"font-family: georgia, palatino, serif;\"><strong>COLUMNAS DIARIO AUSTRAL<\/strong><\/span><\/p>\n<ol style=\"list-style-type: lower-alpha;\">\n<li><a href=\"https:\/\/www.aurigaservicios.cl\/wp\/wp-content\/uploads\/2026\/05\/LISTADO-COLUMNAS-DIARIO-AUSTRAL-FLC.pdf\" target=\"_blank\" rel=\"noopener\">LISTADO COLUMNAS DIARIO AUSTRAL FLC<\/a><\/li>\n<\/ol>\n<\/td>\n<\/tr>\n<\/tbody>\n<\/table>\n","protected":false},"excerpt":{"rendered":"<p>PRESENTACIONES FACULTAD DE MEDICINA (UACh) C\u00d3MO COMUNICAR \u201cMALAS NOTICIAS\u201d A LOS PACIENTES NEUROCIENCIA Y HABILIDADES ALUMNOS MBA HABILIDADES DIRECTIVAS 2026 MBA 2026 ALUMNOS HAB. DIRECTIVAS I MBA 2026 ALUMNOS OWNERSHIP II MBA 2026 ALUMNOS CONTEXTO III MBA 2026 ALUMNOS AUTOGESTI\u00d3N IV MBA 2026 ALUMNOS EVAL. DESEMPE\u00d1O V MBA 2026 ALUMNOS MOTIVACI\u00d3N VI MBA POL\u00cdTICAS Y ESTRATEGIA DEL CAPITAL HUMANO MBA ALUMNOS POL\u00cdTICAS Y ESTRATEGIA RR.HH. I MBA ALUMNOS CAPITAL HUMANO RR.HH. II MBA ALUMNOS MOD. DE GESTI\u00d3N POR COMPETENCIAS RR.HH. III MBA ALUMNOS CLIMA ORGANIZACIONAL RR.HH. IV MBA ALUMNOS PERCEPCI\u00d3N MOTIVACI\u00d3N RR.HH. V UNIVERSIDAD SERGIO ARBOLEDA DE COLOMBIA MORIR DE ESTR\u00c9S&#8230; \u00bfFICCI\u00d3N O REALIDAD? EMPRESA ABS CHILE \u00bfC\u00d3MO IMPACTA EL ESTR\u00c9S EN LA SALUD DE LAS PERSONAS? PROGRAMA DE FORMACI\u00d3N DE L\u00cdDERES SINDICALES PROG. SIND. COM. APRENDIZAJE ALUMNO PROG. SIND. GRUPOS Y EQUIPOS ALUMNOS PROG. SIND. TALLER I.E. ALUMNOS PROGRAMA SIND. NEGOCIACI\u00d3N UACH PROGRAMA INSTITUTO PROFESIONAL LOS LAGOS INST. PROF. U LAGOS ALUMNOS I INST. PROF. U LAGOS ALUMNOS II SOCIEDAD MEXICANA DE GRAFOLOG\u00cdA CIENT\u00cdFICA ESTR\u00c9S: EL AZOTE DEL SIGLO XXI EN TIEMPOS DE PANDEMIA ANSIEDAD, DEPRESI\u00d3N Y SUICIDIO: UNA TR\u00cdADA PELIGROSA Y LETAL. PSICOSIS Y PERSONALIDADES PSICOP\u00c1TICAS: \u00bfLOCOS, MALOS O DIAB\u00d3LICOS? SOMEGRAF LIDERAZGO DIC. 2023 SOMEGRAF LA GUERRA POR&#8230;<\/p>\n<p> <a class=\"continue-reading-link\" href=\"https:\/\/www.aurigaservicios.cl\/wp\/?page_id=122\"><span>Continuar leyendo<\/span><i class=\"crycon-right-dir\"><\/i><\/a> <\/p>\n","protected":false},"author":1,"featured_media":0,"parent":0,"menu_order":0,"comment_status":"closed","ping_status":"closed","template":"","meta":{"footnotes":""},"class_list":["post-122","page","type-page","status-publish","hentry"],"_links":{"self":[{"href":"https:\/\/www.aurigaservicios.cl\/wp\/index.php?rest_route=\/wp\/v2\/pages\/122","targetHints":{"allow":["GET"]}}],"collection":[{"href":"https:\/\/www.aurigaservicios.cl\/wp\/index.php?rest_route=\/wp\/v2\/pages"}],"about":[{"href":"https:\/\/www.aurigaservicios.cl\/wp\/index.php?rest_route=\/wp\/v2\/types\/page"}],"author":[{"embeddable":true,"href":"https:\/\/www.aurigaservicios.cl\/wp\/index.php?rest_route=\/wp\/v2\/users\/1"}],"replies":[{"embeddable":true,"href":"https:\/\/www.aurigaservicios.cl\/wp\/index.php?rest_route=%2Fwp%2Fv2%2Fcomments&post=122"}],"version-history":[{"count":201,"href":"https:\/\/www.aurigaservicios.cl\/wp\/index.php?rest_route=\/wp\/v2\/pages\/122\/revisions"}],"predecessor-version":[{"id":630,"href":"https:\/\/www.aurigaservicios.cl\/wp\/index.php?rest_route=\/wp\/v2\/pages\/122\/revisions\/630"}],"wp:attachment":[{"href":"https:\/\/www.aurigaservicios.cl\/wp\/index.php?rest_route=%2Fwp%2Fv2%2Fmedia&parent=122"}],"curies":[{"name":"wp","href":"https:\/\/api.w.org\/{rel}","templated":true}]}}