{"id":26,"date":"2018-04-25T20:36:30","date_gmt":"2018-04-25T20:36:30","guid":{"rendered":"https:\/\/www.aurigaservicios.cl\/wp\/?page_id=26"},"modified":"2018-08-03T20:52:08","modified_gmt":"2018-08-03T20:52:08","slug":"empresa","status":"publish","type":"page","link":"https:\/\/www.aurigaservicios.cl\/wp\/?page_id=26","title":{"rendered":"Empresa"},"content":{"rendered":"<p style=\"text-align: justify;\"><img loading=\"lazy\" decoding=\"async\" class=\"size-full wp-image-24 alignleft\" src=\"https:\/\/www.aurigaservicios.cl\/wp\/wp-content\/uploads\/2018\/04\/aurig1.jpg\" alt=\"\" width=\"300\" height=\"371\" srcset=\"https:\/\/www.aurigaservicios.cl\/wp\/wp-content\/uploads\/2018\/04\/aurig1.jpg 300w, https:\/\/www.aurigaservicios.cl\/wp\/wp-content\/uploads\/2018\/04\/aurig1-243x300.jpg 243w, https:\/\/www.aurigaservicios.cl\/wp\/wp-content\/uploads\/2018\/04\/aurig1-121x150.jpg 121w, https:\/\/www.aurigaservicios.cl\/wp\/wp-content\/uploads\/2018\/04\/aurig1-162x200.jpg 162w\" sizes=\"auto, (max-width: 300px) 100vw, 300px\" \/><span style=\"font-size: 12pt;\">AURIGA S.A., empresa consultora especializada en asesor\u00eda integral en temas de recursos humanos desde hace 20 a\u00f1os, cuenta con una vasta experiencia en evaluaci\u00f3n y selecci\u00f3n de personal y en el dise\u00f1o e implementaci\u00f3n de programas de formaci\u00f3n, que incluyen tanto cursos y talleres de capacitaci\u00f3n, como as\u00ed tambi\u00e9n un proceso de seguimiento de los mismos.<\/span><\/p>\n<p style=\"text-align: justify;\"><span style=\"font-size: 12pt;\">Las metas y objetivos finales de toda asesor\u00eda apunta al desarrollo integral de los colaboradores, empleados y funcionarios de cualquier organizaci\u00f3n, sea \u00e9sta del \u00e1rea p\u00fablica o privada.<\/span><\/p>\n<p style=\"text-align: justify;\"><span style=\"font-size: 12pt;\">Es por ello, que AURIGA S.A. se ha dedicado a realizar una serie de Programas de Coaching para diversas empresas, ya sea en forma individual, o bien, con grupos reducidos de hasta tres personas en cada ocasi\u00f3n, con el objetivo de hacer este proceso de manera personalizada. Esta metodolog\u00eda facilita y favorece el aprendizaje significativo, al mismo tiempo que permite transmitir, analizar y elaborar de manera conjunta una serie de conocimientos, as\u00ed como tambi\u00e9n, el desarrollo de nuevas conductas y actitudes en los participantes de estos programas en relaci\u00f3n con temas relevantes, tales como: el desarrollo de la Inteligencia Emocional, el ejercicio del liderazgo flexible (o situacional), el trabajo en equipo (con el fin de alcanzar una sinergia positiva), la resoluci\u00f3n apropiada de conflictos, la adecuada motivaci\u00f3n del personal a cargo, la pr\u00e1ctica de una comunicaci\u00f3n efectiva, etc.<\/span><\/p>\n<p class=\"subtitulo\" style=\"text-align: justify;\" align=\"left\"><span style=\"font-size: 12pt;\"><strong>Algunas conclusiones finales de todo proceso formativo:<\/strong><\/span><\/p>\n<p style=\"text-align: justify;\"><span style=\"font-size: 12pt;\">\u201cUno de los grandes objetivos que tiene todo formador ante s\u00ed, es entregarle a la sociedad a la que pertenece, individuos que se conviertan en personas conscientes de s\u00ed mismas, aut\u00f3nomas por formaci\u00f3n, interdependientes por educaci\u00f3n, creativas por estimulaci\u00f3n y l\u00edderes por inspiraci\u00f3n\u201d. <\/span><\/p>\n<p style=\"text-align: justify;\">\n","protected":false},"excerpt":{"rendered":"<p>AURIGA S.A., empresa consultora especializada en asesor\u00eda integral en temas de recursos humanos desde hace 20 a\u00f1os, cuenta con una vasta experiencia en evaluaci\u00f3n y selecci\u00f3n de personal y en el dise\u00f1o e implementaci\u00f3n de programas de formaci\u00f3n, que incluyen tanto cursos y talleres de capacitaci\u00f3n, como as\u00ed tambi\u00e9n un proceso de seguimiento de los mismos. Las metas y objetivos finales de toda asesor\u00eda apunta al desarrollo integral de los colaboradores, empleados y funcionarios de cualquier organizaci\u00f3n, sea \u00e9sta del \u00e1rea p\u00fablica o privada. Es por ello, que AURIGA S.A. se ha dedicado a realizar una serie de Programas de Coaching para diversas empresas, ya sea en forma individual, o bien, con grupos reducidos de hasta tres personas en cada ocasi\u00f3n, con el objetivo de hacer este proceso de manera personalizada. Esta metodolog\u00eda facilita y favorece el aprendizaje significativo, al mismo tiempo que permite transmitir, analizar y elaborar de manera conjunta una serie de conocimientos, as\u00ed como tambi\u00e9n, el desarrollo de nuevas conductas y actitudes en los participantes de estos programas en relaci\u00f3n con temas relevantes, tales como: el desarrollo de la Inteligencia Emocional, el ejercicio del liderazgo flexible (o situacional), el trabajo en equipo (con el fin de alcanzar&#8230;<\/p>\n<p> <a class=\"continue-reading-link\" href=\"https:\/\/www.aurigaservicios.cl\/wp\/?page_id=26\"><span>Continuar leyendo<\/span><i class=\"crycon-right-dir\"><\/i><\/a> <\/p>\n","protected":false},"author":1,"featured_media":0,"parent":0,"menu_order":0,"comment_status":"closed","ping_status":"closed","template":"templates\/template-onecolumn.php","meta":{"footnotes":""},"class_list":["post-26","page","type-page","status-publish","hentry"],"_links":{"self":[{"href":"https:\/\/www.aurigaservicios.cl\/wp\/index.php?rest_route=\/wp\/v2\/pages\/26","targetHints":{"allow":["GET"]}}],"collection":[{"href":"https:\/\/www.aurigaservicios.cl\/wp\/index.php?rest_route=\/wp\/v2\/pages"}],"about":[{"href":"https:\/\/www.aurigaservicios.cl\/wp\/index.php?rest_route=\/wp\/v2\/types\/page"}],"author":[{"embeddable":true,"href":"https:\/\/www.aurigaservicios.cl\/wp\/index.php?rest_route=\/wp\/v2\/users\/1"}],"replies":[{"embeddable":true,"href":"https:\/\/www.aurigaservicios.cl\/wp\/index.php?rest_route=%2Fwp%2Fv2%2Fcomments&post=26"}],"version-history":[{"count":7,"href":"https:\/\/www.aurigaservicios.cl\/wp\/index.php?rest_route=\/wp\/v2\/pages\/26\/revisions"}],"predecessor-version":[{"id":259,"href":"https:\/\/www.aurigaservicios.cl\/wp\/index.php?rest_route=\/wp\/v2\/pages\/26\/revisions\/259"}],"wp:attachment":[{"href":"https:\/\/www.aurigaservicios.cl\/wp\/index.php?rest_route=%2Fwp%2Fv2%2Fmedia&parent=26"}],"curies":[{"name":"wp","href":"https:\/\/api.w.org\/{rel}","templated":true}]}}