{"id":33,"date":"2018-07-23T15:34:52","date_gmt":"2018-07-23T15:34:52","guid":{"rendered":"https:\/\/www.aurigaservicios.cl\/wp\/?page_id=33"},"modified":"2018-07-27T19:57:05","modified_gmt":"2018-07-27T19:57:05","slug":"33-2","status":"publish","type":"page","link":"https:\/\/www.aurigaservicios.cl\/wp\/?page_id=33","title":{"rendered":"Nuestros Servicios"},"content":{"rendered":"<p><strong>Reclutamiento y Selecci\u00f3n mediante Aviso en Prensa, que considera:<\/strong><br \/>\n<img loading=\"lazy\" decoding=\"async\" class=\"size-full wp-image-43 alignright\" style=\"font-weight: bold; text-align: justify;\" src=\"https:\/\/www.aurigaservicios.cl\/wp\/wp-content\/uploads\/2018\/07\/aurig9.jpg\" alt=\"\" width=\"300\" height=\"201\" srcset=\"https:\/\/www.aurigaservicios.cl\/wp\/wp-content\/uploads\/2018\/07\/aurig9.jpg 300w, https:\/\/www.aurigaservicios.cl\/wp\/wp-content\/uploads\/2018\/07\/aurig9-150x101.jpg 150w\" sizes=\"auto, (max-width: 300px) 100vw, 300px\" \/>a) Asistencia y apoyo en la preparaci\u00f3n del perfil del cargo requerido.<br \/>\nb) Dise\u00f1o y elaboraci\u00f3n del aviso de reclutamiento y tr\u00e1mites de publicaci\u00f3n.<br \/>\nc) Recepci\u00f3n, an\u00e1lisis y preselecci\u00f3n de las curr\u00edculas.<br \/>\nd) Evaluaci\u00f3n psicol\u00f3gica. (entrevistas y aplicaci\u00f3n de bater\u00eda de tests seg\u00fan perfil del cargo).<br \/>\ne) Evaluaci\u00f3n t\u00e9cnica en caso que as\u00ed se requiera.<br \/>\nf) Evaluaci\u00f3n de idioma ingl\u00e9s, alem\u00e1n y\/o italiano (si se requiere).<br \/>\ng) Presentaci\u00f3n de una terna con candidatos aptos para el cargo, con curriculum vitae, informe psicol\u00f3gico, verificaci\u00f3n de referencias e informe de bolet\u00edn comercial.<\/p>\n<p style=\"text-align: justify;\"><strong>Reclutamiento y Selecci\u00f3n mediante Base de Datos, que considera<\/strong>:<br \/>\na) Asistencia y apoyo en la preparaci\u00f3n del perfil del cargo requerido.<br \/>\nb) B\u00fasqueda en base de datos de AURIGA S.A.<br \/>\nc) Preevaluaci\u00f3n de postulantes que cumplan con los requisitos establecidos.<br \/>\n<img loading=\"lazy\" decoding=\"async\" class=\"size-full wp-image-44 alignright\" src=\"https:\/\/www.aurigaservicios.cl\/wp\/wp-content\/uploads\/2018\/07\/aurig6-1.jpg\" alt=\"\" width=\"213\" height=\"332\" srcset=\"https:\/\/www.aurigaservicios.cl\/wp\/wp-content\/uploads\/2018\/07\/aurig6-1.jpg 213w, https:\/\/www.aurigaservicios.cl\/wp\/wp-content\/uploads\/2018\/07\/aurig6-1-96x150.jpg 96w, https:\/\/www.aurigaservicios.cl\/wp\/wp-content\/uploads\/2018\/07\/aurig6-1-192x300.jpg 192w\" sizes=\"auto, (max-width: 213px) 100vw, 213px\" \/>d) Reuni\u00f3n informativa con el cliente con los avances y resultados del reclutamiento.<br \/>\ne) Evaluaci\u00f3n Psicol\u00f3gica (con aplicaci\u00f3n de reactivos psicol\u00f3gicos).<br \/>\nf) Evaluaci\u00f3n t\u00e9cnica en caso que as\u00ed se requiera.<br \/>\ng) Presentaci\u00f3n de una terna con los candidatos aptos para el cargo en funci\u00f3n del universo preseleccionado, con curriculum vitae, informe psicol\u00f3gico, verificaci\u00f3n de referencias e informe de bolet\u00edn comercial.<\/p>\n<p style=\"text-align: justify;\"><strong>Head Hunting, que considera:<\/strong><br \/>\na) Asistencia y apoyo en la preparaci\u00f3n del perfil del cargo requerido.<br \/>\nb) B\u00fasqueda, contacto y evaluaci\u00f3n psicol\u00f3gica del candidato.<br \/>\nc) Presentaci\u00f3n del candidato m\u00e1s adecuado para el cargo, con curriculum vitae, informe psicol\u00f3gico, verificaci\u00f3n de referencias e informe de bolet\u00edn comercial.<\/p>\n<p style=\"text-align: justify;\"><strong>Evaluaci\u00f3n Individual, que considera:<\/strong><br \/>\na) Asistencia en la preparaci\u00f3n del perfil del cargo requerido (si fuera necesario).<br \/>\nb) Evaluaci\u00f3n psicol\u00f3gica.<br \/>\nc) Informe psicol\u00f3gico.<br \/>\nd) Evaluaci\u00f3n del idioma ingl\u00e9s u otros (opcional).<br \/>\ne) Verificaci\u00f3n de referencias laborales (opcional).<\/p>\n<p style=\"text-align: justify;\"><strong>Evaluaci\u00f3n de Potencial, que considera:<\/strong><br \/>\na) Evaluaci\u00f3n psicol\u00f3gica integral.<br \/>\nb) Informe psicol\u00f3gico.<\/p>\n<p style=\"text-align: justify;\"><strong>Externalizaci\u00f3n del Sistema de Reclutamiento y Selecci\u00f3n, que considera:<\/strong><\/p>\n<p style=\"text-align: justify;\">a) Implementaci\u00f3n de un servicio externo integral de reclutamiento y selecci\u00f3n de recursos humanos que satisfaga las necesidades de dotaci\u00f3n del cliente.<\/p>\n<p style=\"text-align: justify;\">b) Desarrollo de perfiles para los cargos requeridos, que incluyan las competencias necesarias para el cargo y que a<span style=\"font-family: 'Open Sans'; text-align: justify;\">dem\u00e1s contemplen aquellas importantes para la adaptaci\u00f3n a la cultura organizacional y a las caracter\u00edsticas del negocio de la empresa en cuesti\u00f3n.<\/span><\/p>\n<p style=\"text-align: justify;\">c) Dise\u00f1o y mantenci\u00f3n de un sistema de reclutamiento interno y externo permanente que alimente en forma eficiente los sistemas de evaluaci\u00f3n y que est\u00e9 alineado con la estrategia de la empresa y las pol\u00edticas comunicacionales del cliente.<\/p>\n<p style=\"text-align: justify;\">d) Dise\u00f1o e implementaci\u00f3n de un sistema de evaluaci\u00f3n de las personas reclutadas, de manera de poder seleccionar las personas m\u00e1s apropiadas a los perfiles de los cargos requeridos.<\/p>\n<p><img loading=\"lazy\" decoding=\"async\" class=\"alignnone wp-image-34 size-full\" src=\"https:\/\/www.aurigaservicios.cl\/wp\/wp-content\/uploads\/2018\/07\/aurig10.jpg\" alt=\"\" width=\"300\" height=\"157\" srcset=\"https:\/\/www.aurigaservicios.cl\/wp\/wp-content\/uploads\/2018\/07\/aurig10.jpg 300w, https:\/\/www.aurigaservicios.cl\/wp\/wp-content\/uploads\/2018\/07\/aurig10-150x79.jpg 150w\" sizes=\"auto, (max-width: 300px) 100vw, 300px\" \/><\/p>\n","protected":false},"excerpt":{"rendered":"<p>Reclutamiento y Selecci\u00f3n mediante Aviso en Prensa, que considera: a) Asistencia y apoyo en la preparaci\u00f3n del perfil del cargo requerido. b) Dise\u00f1o y elaboraci\u00f3n del aviso de reclutamiento y tr\u00e1mites de publicaci\u00f3n. c) Recepci\u00f3n, an\u00e1lisis y preselecci\u00f3n de las curr\u00edculas. d) Evaluaci\u00f3n psicol\u00f3gica. (entrevistas y aplicaci\u00f3n de bater\u00eda de tests seg\u00fan perfil del cargo). e) Evaluaci\u00f3n t\u00e9cnica en caso que as\u00ed se requiera. f) Evaluaci\u00f3n de idioma ingl\u00e9s, alem\u00e1n y\/o italiano (si se requiere). g) Presentaci\u00f3n de una terna con candidatos aptos para el cargo, con curriculum vitae, informe psicol\u00f3gico, verificaci\u00f3n de referencias e informe de bolet\u00edn comercial. Reclutamiento y Selecci\u00f3n mediante Base de Datos, que considera: a) Asistencia y apoyo en la preparaci\u00f3n del perfil del cargo requerido. b) B\u00fasqueda en base de datos de AURIGA S.A. c) Preevaluaci\u00f3n de postulantes que cumplan con los requisitos establecidos. d) Reuni\u00f3n informativa con el cliente con los avances y resultados del reclutamiento. e) Evaluaci\u00f3n Psicol\u00f3gica (con aplicaci\u00f3n de reactivos psicol\u00f3gicos). f) Evaluaci\u00f3n t\u00e9cnica en caso que as\u00ed se requiera. g) Presentaci\u00f3n de una terna con los candidatos aptos para el cargo en funci\u00f3n del universo preseleccionado, con curriculum vitae, informe psicol\u00f3gico, verificaci\u00f3n de referencias e informe de bolet\u00edn comercial. Head&#8230;<\/p>\n<p> <a class=\"continue-reading-link\" href=\"https:\/\/www.aurigaservicios.cl\/wp\/?page_id=33\"><span>Continuar leyendo<\/span><i class=\"crycon-right-dir\"><\/i><\/a> <\/p>\n","protected":false},"author":1,"featured_media":0,"parent":0,"menu_order":0,"comment_status":"closed","ping_status":"closed","template":"","meta":{"footnotes":""},"class_list":["post-33","page","type-page","status-publish","hentry"],"_links":{"self":[{"href":"https:\/\/www.aurigaservicios.cl\/wp\/index.php?rest_route=\/wp\/v2\/pages\/33","targetHints":{"allow":["GET"]}}],"collection":[{"href":"https:\/\/www.aurigaservicios.cl\/wp\/index.php?rest_route=\/wp\/v2\/pages"}],"about":[{"href":"https:\/\/www.aurigaservicios.cl\/wp\/index.php?rest_route=\/wp\/v2\/types\/page"}],"author":[{"embeddable":true,"href":"https:\/\/www.aurigaservicios.cl\/wp\/index.php?rest_route=\/wp\/v2\/users\/1"}],"replies":[{"embeddable":true,"href":"https:\/\/www.aurigaservicios.cl\/wp\/index.php?rest_route=%2Fwp%2Fv2%2Fcomments&post=33"}],"version-history":[{"count":9,"href":"https:\/\/www.aurigaservicios.cl\/wp\/index.php?rest_route=\/wp\/v2\/pages\/33\/revisions"}],"predecessor-version":[{"id":172,"href":"https:\/\/www.aurigaservicios.cl\/wp\/index.php?rest_route=\/wp\/v2\/pages\/33\/revisions\/172"}],"wp:attachment":[{"href":"https:\/\/www.aurigaservicios.cl\/wp\/index.php?rest_route=%2Fwp%2Fv2%2Fmedia&parent=33"}],"curies":[{"name":"wp","href":"https:\/\/api.w.org\/{rel}","templated":true}]}}