{"id":49,"date":"2018-07-23T15:38:18","date_gmt":"2018-07-23T15:38:18","guid":{"rendered":"https:\/\/www.aurigaservicios.cl\/wp\/?page_id=49"},"modified":"2018-07-27T19:58:27","modified_gmt":"2018-07-27T19:58:27","slug":"garantia","status":"publish","type":"page","link":"https:\/\/www.aurigaservicios.cl\/wp\/?page_id=49","title":{"rendered":"Garant\u00eda"},"content":{"rendered":"<p style=\"text-align: justify;\"><img loading=\"lazy\" decoding=\"async\" class=\"size-full wp-image-50 alignright\" src=\"https:\/\/www.aurigaservicios.cl\/wp\/wp-content\/uploads\/2018\/07\/manos.jpg\" alt=\"\" width=\"300\" height=\"328\" srcset=\"https:\/\/www.aurigaservicios.cl\/wp\/wp-content\/uploads\/2018\/07\/manos.jpg 300w, https:\/\/www.aurigaservicios.cl\/wp\/wp-content\/uploads\/2018\/07\/manos-137x150.jpg 137w, https:\/\/www.aurigaservicios.cl\/wp\/wp-content\/uploads\/2018\/07\/manos-274x300.jpg 274w\" sizes=\"auto, (max-width: 300px) 100vw, 300px\" \/>Para el caso de un proceso de selecci\u00f3n con aviso de publicaci\u00f3n, AURIGA S.A. garantiza la reposici\u00f3n del candidato seleccionado inicialmente por la empresa que requiere el servicio, en aquellos casos, en que dicho candidato abandona a la empresa por razones ajenas a ella, repitiendo el proceso de selecci\u00f3n sin costo alguno para el cliente, salvo el del nuevo anuncio en la prensa, siempre y cuando se hayan respetado las siguientes condiciones:<br \/>\n\u2022 Que los candidatos finalistas sean entrevistados en un plazo m\u00e1ximo de 10 d\u00edas de presentados los informes finales, por cuanto dichas personas pueden estar postulando a otras empresas y optar\u00e1n por aquella donde logren concretar antes el proceso de decisi\u00f3n.<br \/>\n\u2022 Que las condiciones econ\u00f3micas, laborales y beneficios comprometidos en el levantamiento del perfil y en la respectiva propuesta de trabajo, sean respetadas estrictamente.<br \/>\n\u2022 Que no se hayan introducido nuevos requerimientos no especificados en la propuesta final.<br \/>\n\u2022 Que se haya pagado la totalidad de los honorarios convenidos.<\/p>\n","protected":false},"excerpt":{"rendered":"<p>Para el caso de un proceso de selecci\u00f3n con aviso de publicaci\u00f3n, AURIGA S.A. garantiza la reposici\u00f3n del candidato seleccionado inicialmente por la empresa que requiere el servicio, en aquellos casos, en que dicho candidato abandona a la empresa por razones ajenas a ella, repitiendo el proceso de selecci\u00f3n sin costo alguno para el cliente, salvo el del nuevo anuncio en la prensa, siempre y cuando se hayan respetado las siguientes condiciones: \u2022 Que los candidatos finalistas sean entrevistados en un plazo m\u00e1ximo de 10 d\u00edas de presentados los informes finales, por cuanto dichas personas pueden estar postulando a otras empresas y optar\u00e1n por aquella donde logren concretar antes el proceso de decisi\u00f3n. \u2022 Que las condiciones econ\u00f3micas, laborales y beneficios comprometidos en el levantamiento del perfil y en la respectiva propuesta de trabajo, sean respetadas estrictamente. \u2022 Que no se hayan introducido nuevos requerimientos no especificados en la propuesta final. \u2022 Que se haya pagado la totalidad de los honorarios convenidos.<\/p>\n<p> <a class=\"continue-reading-link\" href=\"https:\/\/www.aurigaservicios.cl\/wp\/?page_id=49\"><span>Continuar leyendo<\/span><i class=\"crycon-right-dir\"><\/i><\/a> <\/p>\n","protected":false},"author":1,"featured_media":0,"parent":0,"menu_order":0,"comment_status":"closed","ping_status":"closed","template":"","meta":{"footnotes":""},"class_list":["post-49","page","type-page","status-publish","hentry"],"_links":{"self":[{"href":"https:\/\/www.aurigaservicios.cl\/wp\/index.php?rest_route=\/wp\/v2\/pages\/49","targetHints":{"allow":["GET"]}}],"collection":[{"href":"https:\/\/www.aurigaservicios.cl\/wp\/index.php?rest_route=\/wp\/v2\/pages"}],"about":[{"href":"https:\/\/www.aurigaservicios.cl\/wp\/index.php?rest_route=\/wp\/v2\/types\/page"}],"author":[{"embeddable":true,"href":"https:\/\/www.aurigaservicios.cl\/wp\/index.php?rest_route=\/wp\/v2\/users\/1"}],"replies":[{"embeddable":true,"href":"https:\/\/www.aurigaservicios.cl\/wp\/index.php?rest_route=%2Fwp%2Fv2%2Fcomments&post=49"}],"version-history":[{"count":3,"href":"https:\/\/www.aurigaservicios.cl\/wp\/index.php?rest_route=\/wp\/v2\/pages\/49\/revisions"}],"predecessor-version":[{"id":173,"href":"https:\/\/www.aurigaservicios.cl\/wp\/index.php?rest_route=\/wp\/v2\/pages\/49\/revisions\/173"}],"wp:attachment":[{"href":"https:\/\/www.aurigaservicios.cl\/wp\/index.php?rest_route=%2Fwp%2Fv2%2Fmedia&parent=49"}],"curies":[{"name":"wp","href":"https:\/\/api.w.org\/{rel}","templated":true}]}}