{"id":74,"date":"2018-07-23T16:03:02","date_gmt":"2018-07-23T16:03:02","guid":{"rendered":"https:\/\/www.aurigaservicios.cl\/wp\/?page_id=74"},"modified":"2023-11-07T20:54:31","modified_gmt":"2023-11-07T20:54:31","slug":"74-2","status":"publish","type":"page","link":"https:\/\/www.aurigaservicios.cl\/wp\/?page_id=74","title":{"rendered":"Libros en Venta"},"content":{"rendered":"<table style=\"border-collapse: collapse; width: 98.6943%; height: 1573px;\" border=\"1\">\n<tbody>\n<tr style=\"height: 22px;\">\n<td style=\"width: 61.9626%;\">\n<h6 style=\"font-family: Georgia, 'Bitstream Charter', serif;\">Libro C\u00e1ncer N\u00b0 2<\/h6>\n<p><img loading=\"lazy\" decoding=\"async\" class=\"alignright\" style=\"font-family: inherit; font-size: 16px;\" src=\"https:\/\/www.aurigaservicios.cl\/wp\/wp-content\/uploads\/2021\/03\/PORTADA-libro-cancer-manos.jpg\" alt=\"\" width=\"150\" height=\"233\" \/><em>El t\u00edtulo de este libro tiene como objetivo destacar y poner sobre el tapete de la discusi\u00f3n el hecho de que paralelamente a los esfuerzos cient\u00edficos que se est\u00e1n haciendo con el fin de detener la enfermedad del c\u00e1ncer, tambi\u00e9n existe la pelea, la lucha, la batalla personal\u00a0 que deben dar las propias personas en contra de esta insidiosa enfermedad, donde la actitud que adopte la persona puede hacer la diferencia entre la vida y la muerte.<\/em><\/p>\n<p><strong><span style=\"font-family: arial, helvetica, sans-serif;\">N\u00famero de p\u00e1ginas: 265<\/span><\/strong><br \/>\n<strong><span style=\"font-family: arial, helvetica, sans-serif;\">Valor: $20.000, IVA inclu\u00eddo<\/span><\/strong><\/p>\n<p>Despacho a domicilio por cobrar<\/p>\n<hr \/>\n<\/td>\n<td style=\"width: 2.53589%; background-color: #d9d4d4;\" rowspan=\"5\"><\/td>\n<th style=\"width: 35.5174%; height: 50px; background-color: #ffffff; text-align: center; vertical-align: top;\" rowspan=\"5\">\n<h6>\n<div class=\"wpcf7 no-js\" id=\"wpcf7-f210-o1\" lang=\"es-CL\" dir=\"ltr\" data-wpcf7-id=\"210\">\n<div class=\"screen-reader-response\"><p role=\"status\" aria-live=\"polite\" aria-atomic=\"true\"><\/p> <ul><\/ul><\/div>\n<form action=\"\/wp\/index.php?rest_route=%2Fwp%2Fv2%2Fpages%2F74#wpcf7-f210-o1\" method=\"post\" class=\"wpcf7-form init\" aria-label=\"Formulario de contacto\" novalidate=\"novalidate\" data-status=\"init\">\n<fieldset class=\"hidden-fields-container\"><input type=\"hidden\" name=\"_wpcf7\" value=\"210\" \/><input type=\"hidden\" name=\"_wpcf7_version\" value=\"6.1.5\" \/><input type=\"hidden\" name=\"_wpcf7_locale\" value=\"es_CL\" \/><input type=\"hidden\" name=\"_wpcf7_unit_tag\" value=\"wpcf7-f210-o1\" \/><input type=\"hidden\" name=\"_wpcf7_container_post\" value=\"0\" \/><input type=\"hidden\" name=\"_wpcf7_posted_data_hash\" value=\"\" \/>\n<\/fieldset>\n<p><label> Tu Nombre (requerido)<br \/>\n<span class=\"wpcf7-form-control-wrap\" data-name=\"your-name\"><input size=\"40\" maxlength=\"400\" class=\"wpcf7-form-control wpcf7-text wpcf7-validates-as-required\" aria-required=\"true\" aria-invalid=\"false\" value=\"\" type=\"text\" name=\"your-name\" \/><\/span> <\/label>\n<\/p>\n<p><label> Fono(requerido)<br \/>\n<span class=\"wpcf7-form-control-wrap\" data-name=\"Fono\"><input size=\"40\" maxlength=\"400\" class=\"wpcf7-form-control wpcf7-tel wpcf7-validates-as-required wpcf7-text wpcf7-validates-as-tel\" aria-required=\"true\" aria-invalid=\"false\" value=\"\" type=\"tel\" name=\"Fono\" \/><\/span> <\/label>\n<\/p>\n<p><label> Domicilio(requerido)<br \/>\n<span class=\"wpcf7-form-control-wrap\" data-name=\"domicilio\"><input size=\"40\" maxlength=\"400\" class=\"wpcf7-form-control wpcf7-text wpcf7-validates-as-required\" aria-required=\"true\" aria-invalid=\"false\" value=\"\" type=\"text\" name=\"domicilio\" \/><\/span> <\/label>\n<\/p>\n<p><label> Tu Correo (requerido)<br \/>\n<span class=\"wpcf7-form-control-wrap\" data-name=\"your-email\"><input size=\"40\" maxlength=\"400\" class=\"wpcf7-form-control wpcf7-email wpcf7-validates-as-required wpcf7-text wpcf7-validates-as-email\" aria-required=\"true\" aria-invalid=\"false\" value=\"\" type=\"email\" name=\"your-email\" \/><\/span> <\/label>\n<\/p>\n<p><label> Asunto<br \/>\n<span class=\"wpcf7-form-control-wrap\" data-name=\"your-subject\"><input size=\"40\" maxlength=\"400\" class=\"wpcf7-form-control wpcf7-text\" aria-invalid=\"false\" value=\"\" type=\"text\" name=\"your-subject\" \/><\/span> <\/label>\n<\/p>\n<p><label> Tu Mensaje<br \/>\n<span class=\"wpcf7-form-control-wrap\" data-name=\"your-message\"><textarea cols=\"40\" rows=\"10\" maxlength=\"2000\" class=\"wpcf7-form-control wpcf7-textarea\" aria-invalid=\"false\" name=\"your-message\"><\/textarea><\/span> <\/label>\n<\/p>\n<p><input class=\"wpcf7-form-control wpcf7-submit has-spinner\" type=\"submit\" value=\"Enviar\" \/>\n<\/p><div class=\"wpcf7-response-output\" aria-hidden=\"true\"><\/div>\n<\/form>\n<\/div>\n<\/h6>\n<\/th>\n<\/tr>\n<tr style=\"height: 22px;\">\n<td style=\"width: 61.9626%;\">\n<h6 style=\"font-family: Georgia, 'Bitstream Charter', serif;\">Libro C\u00e1ncer\u00a0 N\u00b0 1<\/h6>\n<p><img loading=\"lazy\" decoding=\"async\" class=\"alignright\" style=\"font-family: inherit; font-size: 16px;\" src=\"https:\/\/www.aurigaservicios.cl\/wp\/wp-content\/uploads\/2018\/07\/cancer2.jpg\" alt=\"\" width=\"150\" height=\"227\" \/><em>Uno podr\u00eda decir perfectamente que recibir el diagn\u00f3stico \u201c\u00a1Usted tiene c\u00e1ncer!\u201d es el equivalente a que una bomba estalle al lado mismo de la persona que recibe esta noticia, por cuanto, generalmente, se tiende a hacer equivalente la palabra \u201cc\u00e1ncer\u201d con la muerte del sujeto afectado. Sin embargo, en este libro se demuestra que hay muchas cosas que la persona enferma de c\u00e1ncer puede hacer, entre otras, comenzar a conocer m\u00e1s de su enfermedad y aprender c\u00f3mo enfrentarla.<\/em><\/p>\n<p><strong><span style=\"font-family: arial, helvetica, sans-serif;\">N\u00famero de p\u00e1ginas: 211<\/span><\/strong><br \/>\n<strong><span style=\"font-family: arial, helvetica, sans-serif;\">Valor: $17.000, IVA inclu\u00eddo<\/span><\/strong><\/p>\n<p>Despacho a domicilio por cobrar<\/p>\n<hr \/>\n<\/td>\n<\/tr>\n<tr style=\"height: 22px;\">\n<td style=\"width: 61.9626%;\">\n<h6 style=\"font-family: Georgia, 'Bitstream Charter', serif;\">Libro Discapacidad<\/h6>\n<p><img loading=\"lazy\" decoding=\"async\" class=\"alignright\" style=\"font-family: inherit; font-size: 16px;\" src=\"https:\/\/www.aurigaservicios.cl\/wp\/wp-content\/uploads\/2018\/07\/dicap2.jpg\" alt=\"\" width=\"150\" height=\"227\" \/><em>Cuando se habla de discapacidad, las asociaciones mentales que afloran a nuestra mente son m\u00e1s bien de car\u00e1cter negativo: entorno y construcciones poco accesibles, discriminaci\u00f3n, injusticia, aislamiento, rechazo, etc. Las repercusiones de estos factores y situaciones las viven cientos de millones de personas en todo el mundo, quienes, a menudo ven afectadas su dignidad y calidad esencial de seres humanos.<\/em><\/p>\n<p><span style=\"font-family: arial, helvetica, sans-serif;\"><strong>N\u00famero de p\u00e1ginas: 162<\/strong><\/span><br \/>\n<span style=\"font-family: arial, helvetica, sans-serif;\"><strong>Valor: $12.000, IVA inclu\u00eddo<\/strong><\/span><\/p>\n<p>Despacho a domicilio por cobrar<\/p>\n<hr \/>\n<\/td>\n<\/tr>\n<tr style=\"height: 22px;\">\n<td style=\"width: 61.9626%;\">\n<h6 style=\"font-family: Georgia, 'Bitstream Charter', serif;\">Libro Directivo<\/h6>\n<p><img loading=\"lazy\" decoding=\"async\" class=\"alignright\" style=\"font-family: inherit; font-size: 16px;\" src=\"https:\/\/www.aurigaservicios.cl\/wp\/wp-content\/uploads\/2018\/07\/direct2.jpg\" alt=\"\" width=\"150\" height=\"239\" \/><em>Gestionar de manera exitosa una empresa \u2013sea p\u00fablica o privada\u2013, se hace cuesta arriba, cuando no se manejan de manera apropiada ciertos conceptos relacionados, por ejemplo, con el ejercicio del liderazgo, con la capacidad de trabajar en equipo, de resolver conflictos, de motivar al equipo humano con el que se trabaja, etc. Aqu\u00ed se entregan una serie de conocimientos, ejemplos reales de empresas nacionales y extranjeras, experiencias de los autores como asesores de empresas, as\u00ed como diversas estrategias que permiten a la persona asumir la direcci\u00f3n de una organizaci\u00f3n con propiedad.<\/em><\/p>\n<p><strong><span style=\"font-family: arial, helvetica, sans-serif;\">N\u00famero de p\u00e1ginas: 259<\/span><\/strong><br \/>\n<strong><span style=\"font-family: arial, helvetica, sans-serif;\">Valor: $18.000, IVA inclu\u00eddo<\/span><\/strong><\/p>\n<p>Despacho a domicilio por cobrar<\/p>\n<hr \/>\n<\/td>\n<\/tr>\n<tr style=\"height: 22px;\">\n<td style=\"width: 61.9626%;\">\n<h6 style=\"font-family: Georgia, 'Bitstream Charter', serif;\">Libro Estr\u00e9s<\/h6>\n<p><img loading=\"lazy\" decoding=\"async\" class=\"alignright\" style=\"font-family: inherit; font-size: 16px;\" src=\"https:\/\/www.aurigaservicios.cl\/wp\/wp-content\/uploads\/2018\/07\/LIBROESTRES2018.jpg\" alt=\"\" width=\"159\" height=\"240\" \/><em>El estr\u00e9s est\u00e1 considerado, hoy en d\u00eda, como uno de los factores que m\u00e1s enfermedades y trastornos \u00a0genera, y lo hace, no s\u00f3lo a nivel emocional, sino que tambi\u00e9n en el sustrato f\u00edsico, entre los cuales, podemos se\u00f1alar los trastornos del \u00e1nimo, depresiones, crisis de p\u00e1nico, colon irritable, burnout, trastornos del sue\u00f1o, ansiedad, ideaciones suicidas, etc. Lo que pocas personas saben, es que tambi\u00e9n puede ser el gatillante de alg\u00fan tipo de c\u00e1ncer, especialmente, cuando la condici\u00f3n de estr\u00e9s se mantiene y se hace cr\u00f3nica. Este libro ofrece m\u00faltiples alternativas y m\u00e9todos para enfrentar \u2013y vencer\u2013 el estr\u00e9s de una manera exitosa.<\/em><\/p>\n<p><span style=\"font-family: arial, helvetica, sans-serif;\"><strong>N\u00famero de p\u00e1ginas: 365<\/strong><\/span><br \/>\n<span style=\"font-family: arial, helvetica, sans-serif;\"><strong>Valor: $22.000, IVA inclu\u00eddo<\/strong><\/span><\/p>\n<p>Despacho a domicilio por cobrar<\/p>\n<hr \/>\n<\/td>\n<\/tr>\n<\/tbody>\n<\/table>\n<p style=\"text-align: center;\">\n","protected":false},"excerpt":{"rendered":"<p>Libro C\u00e1ncer N\u00b0 2 El t\u00edtulo de este libro tiene como objetivo destacar y poner sobre el tapete de la discusi\u00f3n el hecho de que paralelamente a los esfuerzos cient\u00edficos que se est\u00e1n haciendo con el fin de detener la enfermedad del c\u00e1ncer, tambi\u00e9n existe la pelea, la lucha, la batalla personal\u00a0 que deben dar las propias personas en contra de esta insidiosa enfermedad, donde la actitud que adopte la persona puede hacer la diferencia entre la vida y la muerte. N\u00famero de p\u00e1ginas: 265 Valor: $20.000, IVA inclu\u00eddo Despacho a domicilio por cobrar Libro C\u00e1ncer\u00a0 N\u00b0 1 Uno podr\u00eda decir perfectamente que recibir el diagn\u00f3stico \u201c\u00a1Usted tiene c\u00e1ncer!\u201d es el equivalente a que una bomba estalle al lado mismo de la persona que recibe esta noticia, por cuanto, generalmente, se tiende a hacer equivalente la palabra \u201cc\u00e1ncer\u201d con la muerte del sujeto afectado. Sin embargo, en este libro se demuestra que hay muchas cosas que la persona enferma de c\u00e1ncer puede hacer, entre otras, comenzar a conocer m\u00e1s de su enfermedad y aprender c\u00f3mo enfrentarla. N\u00famero de p\u00e1ginas: 211 Valor: $17.000, IVA inclu\u00eddo Despacho a domicilio por cobrar Libro Discapacidad Cuando se habla de discapacidad, las asociaciones mentales que&#8230;<\/p>\n<p> <a class=\"continue-reading-link\" href=\"https:\/\/www.aurigaservicios.cl\/wp\/?page_id=74\"><span>Continuar leyendo<\/span><i class=\"crycon-right-dir\"><\/i><\/a> <\/p>\n","protected":false},"author":1,"featured_media":0,"parent":0,"menu_order":0,"comment_status":"closed","ping_status":"closed","template":"","meta":{"footnotes":""},"class_list":["post-74","page","type-page","status-publish","hentry"],"_links":{"self":[{"href":"https:\/\/www.aurigaservicios.cl\/wp\/index.php?rest_route=\/wp\/v2\/pages\/74","targetHints":{"allow":["GET"]}}],"collection":[{"href":"https:\/\/www.aurigaservicios.cl\/wp\/index.php?rest_route=\/wp\/v2\/pages"}],"about":[{"href":"https:\/\/www.aurigaservicios.cl\/wp\/index.php?rest_route=\/wp\/v2\/types\/page"}],"author":[{"embeddable":true,"href":"https:\/\/www.aurigaservicios.cl\/wp\/index.php?rest_route=\/wp\/v2\/users\/1"}],"replies":[{"embeddable":true,"href":"https:\/\/www.aurigaservicios.cl\/wp\/index.php?rest_route=%2Fwp%2Fv2%2Fcomments&post=74"}],"version-history":[{"count":50,"href":"https:\/\/www.aurigaservicios.cl\/wp\/index.php?rest_route=\/wp\/v2\/pages\/74\/revisions"}],"predecessor-version":[{"id":523,"href":"https:\/\/www.aurigaservicios.cl\/wp\/index.php?rest_route=\/wp\/v2\/pages\/74\/revisions\/523"}],"wp:attachment":[{"href":"https:\/\/www.aurigaservicios.cl\/wp\/index.php?rest_route=%2Fwp%2Fv2%2Fmedia&parent=74"}],"curies":[{"name":"wp","href":"https:\/\/api.w.org\/{rel}","templated":true}]}}